{"id":690,"date":"2024-04-15T17:35:08","date_gmt":"2024-04-15T15:35:08","guid":{"rendered":"https:\/\/eltaxi033.com\/sevilla\/?page_id=690"},"modified":"2025-10-16T15:27:10","modified_gmt":"2025-10-16T13:27:10","slug":"paradas-taxi-aeropuerto","status":"publish","type":"page","link":"https:\/\/eltaxi033.com\/sevilla\/paradas-taxi-aeropuerto\/","title":{"rendered":"Paradas Taxi Aeropuerto Tren"},"content":{"rendered":"\t\t<div data-elementor-type=\"wp-page\" data-elementor-id=\"690\" class=\"elementor elementor-690\" data-elementor-post-type=\"page\">\n\t\t\t\t<div class=\"elementor-element elementor-element-cfb3d6f e-flex e-con-boxed e-con e-parent\" data-id=\"cfb3d6f\" data-element_type=\"container\" data-settings=\"{&quot;background_background&quot;:&quot;classic&quot;}\">\n\t\t\t\t\t<div class=\"e-con-inner\">\n\t\t\t\t<div class=\"elementor-element elementor-element-21c62b0 elementor-widget elementor-widget-heading\" data-id=\"21c62b0\" data-element_type=\"widget\" data-widget_type=\"heading.default\">\n\t\t\t\t<div class=\"elementor-widget-container\">\n\t\t\t\t\t<h1 class=\"elementor-heading-title elementor-size-default\">Paradas taxi en Aeropuerto de Sevilla y Santa Justa<\/h1>\t\t\t\t<\/div>\n\t\t\t\t<\/div>\n\t\t\t\t<div class=\"elementor-element elementor-element-4ef8b2f elementor-widget elementor-widget-heading\" data-id=\"4ef8b2f\" data-element_type=\"widget\" data-widget_type=\"heading.default\">\n\t\t\t\t<div class=\"elementor-widget-container\">\n\t\t\t\t\t<p class=\"elementor-heading-title elementor-size-default\">Instrucciones de recogida de su taxi en Aeropuerto de Sevilla San Pablo y estaci\u00f3n de tren Santa Justa<\/p>\t\t\t\t<\/div>\n\t\t\t\t<\/div>\n\t\t\t\t\t<\/div>\n\t\t\t\t<\/div>\n\t\t<div class=\"elementor-element elementor-element-e38a0a8 e-flex e-con-boxed e-con e-parent\" data-id=\"e38a0a8\" data-element_type=\"container\">\n\t\t\t\t\t<div class=\"e-con-inner\">\n\t\t\t\t<div class=\"elementor-element elementor-element-eb082e9 elementor-widget-divider--view-line_text elementor-widget-divider--element-align-center elementor-widget elementor-widget-divider\" data-id=\"eb082e9\" data-element_type=\"widget\" data-widget_type=\"divider.default\">\n\t\t\t\t<div class=\"elementor-widget-container\">\n\t\t\t\t\t\t\t<div class=\"elementor-divider\">\n\t\t\t<span class=\"elementor-divider-separator\">\n\t\t\t\t\t\t\t<h2 class=\"elementor-divider__text elementor-divider__element\">\n\t\t\t\tRecoger su taxi en Aeropuerto de Sevilla\t\t\t\t<\/h2>\n\t\t\t\t\t\t<\/span>\n\t\t<\/div>\n\t\t\t\t\t\t<\/div>\n\t\t\t\t<\/div>\n\t\t\t\t\t<\/div>\n\t\t\t\t<\/div>\n\t\t<div class=\"elementor-element elementor-element-92af712 e-flex e-con-boxed e-con e-parent\" data-id=\"92af712\" data-element_type=\"container\">\n\t\t\t\t\t<div class=\"e-con-inner\">\n\t\t<div class=\"elementor-element elementor-element-43b94a3 e-con-full e-flex e-con e-child\" data-id=\"43b94a3\" data-element_type=\"container\">\n\t\t\t\t<div class=\"elementor-element elementor-element-3fc3c4e elementor-widget elementor-widget-text-editor\" data-id=\"3fc3c4e\" data-element_type=\"widget\" data-widget_type=\"text-editor.default\">\n\t\t\t\t<div class=\"elementor-widget-container\">\n\t\t\t\t\t\t\t\t\t<ol><li>Una vez recogidas sus maletas, dir\u00edjase hacia la <strong data-start=\"352\" data-end=\"413\">columna naranja de la compa\u00f1\u00eda de alquiler de coches Sixt<\/strong>, situada en la zona de llegadas.<\/li><li>En ese punto, nuestro conductor le estar\u00e1 esperando con un cartel con el nombre indicado en su reserva.<\/li><li>Si a su llegada no localiza al conductor en el punto indicado, por favor llame al n\u00famero de tel\u00e9fono facilitado en su reserva para coordinar la recogida.<\/li><li>Mantenga su tel\u00e9fono encendido tras el aterrizaje para facilitar el contacto directo con el conductor.<\/li><\/ol>\t\t\t\t\t\t\t\t<\/div>\n\t\t\t\t<\/div>\n\t\t\t\t<\/div>\n\t\t<div class=\"elementor-element elementor-element-1238fb8 e-con-full e-flex e-con e-child\" data-id=\"1238fb8\" data-element_type=\"container\">\n\t\t\t\t<div class=\"elementor-element elementor-element-6a8e636 elementor-widget elementor-widget-image\" data-id=\"6a8e636\" data-element_type=\"widget\" data-widget_type=\"image.default\">\n\t\t\t\t<div class=\"elementor-widget-container\">\n\t\t\t\t\t\t\t\t\t\t\t\t\t\t\t<img wpfc-lazyload-disable=\"true\" fetchpriority=\"high\" decoding=\"async\" width=\"396\" height=\"413\" src=\"https:\/\/eltaxi033.com\/sevilla\/wp-content\/uploads\/sites\/5\/2025\/10\/unnamed.png\" class=\"attachment-large size-large wp-image-1512\" alt=\"unnamed\" srcset=\"https:\/\/eltaxi033.com\/sevilla\/wp-content\/uploads\/sites\/5\/2025\/10\/unnamed.png 396w, https:\/\/eltaxi033.com\/sevilla\/wp-content\/uploads\/sites\/5\/2025\/10\/unnamed-288x300.png 288w\" sizes=\"(max-width: 396px) 100vw, 396px\" \/>\t\t\t\t\t\t\t\t\t\t\t\t\t\t\t<\/div>\n\t\t\t\t<\/div>\n\t\t\t\t<\/div>\n\t\t\t\t\t<\/div>\n\t\t\t\t<\/div>\n\t\t<div class=\"elementor-element elementor-element-875b30e e-flex e-con-boxed e-con e-parent\" data-id=\"875b30e\" data-element_type=\"container\">\n\t\t\t\t\t<div class=\"e-con-inner\">\n\t\t\t\t<div class=\"elementor-element elementor-element-03e6c5c elementor-widget-divider--view-line_text elementor-widget-divider--element-align-center elementor-widget elementor-widget-divider\" data-id=\"03e6c5c\" data-element_type=\"widget\" data-widget_type=\"divider.default\">\n\t\t\t\t<div class=\"elementor-widget-container\">\n\t\t\t\t\t\t\t<div class=\"elementor-divider\">\n\t\t\t<span class=\"elementor-divider-separator\">\n\t\t\t\t\t\t\t<h2 class=\"elementor-divider__text elementor-divider__element\">\n\t\t\t\tRecoger su taxi en estaci\u00f3n de tren Santa Justa\t\t\t\t<\/h2>\n\t\t\t\t\t\t<\/span>\n\t\t<\/div>\n\t\t\t\t\t\t<\/div>\n\t\t\t\t<\/div>\n\t\t\t\t\t<\/div>\n\t\t\t\t<\/div>\n\t\t<div class=\"elementor-element elementor-element-89eb5b4 e-flex e-con-boxed e-con e-parent\" data-id=\"89eb5b4\" data-element_type=\"container\">\n\t\t\t\t\t<div class=\"e-con-inner\">\n\t\t<div class=\"elementor-element elementor-element-fe771e6 e-con-full e-flex e-con e-child\" data-id=\"fe771e6\" data-element_type=\"container\">\n\t\t\t\t<div class=\"elementor-element elementor-element-b552a78 elementor-widget elementor-widget-text-editor\" data-id=\"b552a78\" data-element_type=\"widget\" data-widget_type=\"text-editor.default\">\n\t\t\t\t<div class=\"elementor-widget-container\">\n\t\t\t\t\t\t\t\t\t<ol><li data-start=\"893\" data-end=\"1052\"><p data-start=\"896\" data-end=\"1052\">Una vez que haya tomado su tren y llegue a Santa Justa, suba por las escaleras mec\u00e1nicas que conectan los andenes con el vest\u00edbulo central de la estaci\u00f3n.<\/p><\/li><li data-start=\"1053\" data-end=\"1214\"><p data-start=\"1056\" data-end=\"1214\">Una vez arriba, dir\u00edjase <strong data-start=\"1081\" data-end=\"1125\">frente a las oficinas de renting de SIXT<\/strong>, justo en el centro de la estaci\u00f3n, donde ser\u00e1 el punto de encuentro con el conductor.<\/p><\/li><li data-start=\"1215\" data-end=\"1268\"><p data-start=\"1218\" data-end=\"1268\">Le esperaremos all\u00ed con un cartel con su nombre.<\/p><\/li><li data-start=\"1269\" data-end=\"1417\"><p data-start=\"1272\" data-end=\"1417\">Si tiene dificultades para encontrarnos, env\u00ede su ubicaci\u00f3n por WhatsApp o llame al tel\u00e9fono del conductor que le enviamos al hacer la reserva.<\/p><\/li><\/ol>\t\t\t\t\t\t\t\t<\/div>\n\t\t\t\t<\/div>\n\t\t\t\t<\/div>\n\t\t<div class=\"elementor-element elementor-element-206d50d e-con-full e-flex e-con e-child\" data-id=\"206d50d\" data-element_type=\"container\">\n\t\t\t\t<div class=\"elementor-element elementor-element-098ef33 elementor-widget elementor-widget-image\" data-id=\"098ef33\" data-element_type=\"widget\" data-widget_type=\"image.default\">\n\t\t\t\t<div class=\"elementor-widget-container\">\n\t\t\t\t\t\t\t\t\t\t\t\t\t\t\t<img wpfc-lazyload-disable=\"true\" decoding=\"async\" width=\"800\" height=\"600\" src=\"https:\/\/eltaxi033.com\/sevilla\/wp-content\/uploads\/sites\/5\/2025\/10\/Recogida-en-Santa-justa-1024x768.jpeg\" class=\"attachment-large size-large wp-image-1507\" alt=\"Recogida en Santa justa\" srcset=\"https:\/\/eltaxi033.com\/sevilla\/wp-content\/uploads\/sites\/5\/2025\/10\/Recogida-en-Santa-justa-1024x768.jpeg 1024w, https:\/\/eltaxi033.com\/sevilla\/wp-content\/uploads\/sites\/5\/2025\/10\/Recogida-en-Santa-justa-300x225.jpeg 300w, https:\/\/eltaxi033.com\/sevilla\/wp-content\/uploads\/sites\/5\/2025\/10\/Recogida-en-Santa-justa-768x576.jpeg 768w, https:\/\/eltaxi033.com\/sevilla\/wp-content\/uploads\/sites\/5\/2025\/10\/Recogida-en-Santa-justa-1536x1152.jpeg 1536w, https:\/\/eltaxi033.com\/sevilla\/wp-content\/uploads\/sites\/5\/2025\/10\/Recogida-en-Santa-justa.jpeg 2000w\" sizes=\"(max-width: 800px) 100vw, 800px\" \/>\t\t\t\t\t\t\t\t\t\t\t\t\t\t\t<\/div>\n\t\t\t\t<\/div>\n\t\t\t\t<\/div>\n\t\t\t\t\t<\/div>\n\t\t\t\t<\/div>\n\t\t\t\t<\/div>\n\t\t","protected":false},"excerpt":{"rendered":"<p>Paradas taxi en Aeropuerto de Sevilla y Santa Justa Instrucciones de recogida de su taxi en Aeropuerto de Sevilla San Pablo y estaci\u00f3n de tren Santa Justa Recoger su taxi en Aeropuerto de Sevilla Una vez recogidas sus maletas, dir\u00edjase hacia la columna naranja de la compa\u00f1\u00eda de alquiler de coches Sixt, situada en la [&hellip;]<\/p>\n","protected":false},"author":1,"featured_media":9,"parent":0,"menu_order":0,"comment_status":"closed","ping_status":"closed","template":"","meta":{"_joinchat":[],"footnotes":""},"class_list":["post-690","page","type-page","status-publish","has-post-thumbnail","hentry"],"_links":{"self":[{"href":"https:\/\/eltaxi033.com\/sevilla\/wp-json\/wp\/v2\/pages\/690","targetHints":{"allow":["GET"]}}],"collection":[{"href":"https:\/\/eltaxi033.com\/sevilla\/wp-json\/wp\/v2\/pages"}],"about":[{"href":"https:\/\/eltaxi033.com\/sevilla\/wp-json\/wp\/v2\/types\/page"}],"author":[{"embeddable":true,"href":"https:\/\/eltaxi033.com\/sevilla\/wp-json\/wp\/v2\/users\/1"}],"replies":[{"embeddable":true,"href":"https:\/\/eltaxi033.com\/sevilla\/wp-json\/wp\/v2\/comments?post=690"}],"version-history":[{"count":7,"href":"https:\/\/eltaxi033.com\/sevilla\/wp-json\/wp\/v2\/pages\/690\/revisions"}],"predecessor-version":[{"id":1515,"href":"https:\/\/eltaxi033.com\/sevilla\/wp-json\/wp\/v2\/pages\/690\/revisions\/1515"}],"wp:featuredmedia":[{"embeddable":true,"href":"https:\/\/eltaxi033.com\/sevilla\/wp-json\/wp\/v2\/media\/9"}],"wp:attachment":[{"href":"https:\/\/eltaxi033.com\/sevilla\/wp-json\/wp\/v2\/media?parent=690"}],"curies":[{"name":"wp","href":"https:\/\/api.w.org\/{rel}","templated":true}]}}