{"id":434,"date":"2025-07-25T10:27:08","date_gmt":"2025-07-25T08:27:08","guid":{"rendered":"https:\/\/eltaxi033.com\/malaga\/?page_id=434"},"modified":"2025-10-16T22:46:12","modified_gmt":"2025-10-16T20:46:12","slug":"paradas-taxi-aeropuerto","status":"publish","type":"page","link":"https:\/\/eltaxi033.com\/malaga\/paradas-taxi-aeropuerto\/","title":{"rendered":"Paradas taxi aeropuerto"},"content":{"rendered":"\t\t<div data-elementor-type=\"wp-page\" data-elementor-id=\"434\" class=\"elementor elementor-434\" data-elementor-post-type=\"page\">\n\t\t\t\t<div class=\"elementor-element elementor-element-e890299 e-flex e-con-boxed e-con e-parent\" data-id=\"e890299\" data-element_type=\"container\">\n\t\t\t\t\t<div class=\"e-con-inner\">\n\t\t\t\t<div class=\"elementor-element elementor-element-6cd6785 elementor-widget elementor-widget-heading\" data-id=\"6cd6785\" data-element_type=\"widget\" data-widget_type=\"heading.default\">\n\t\t\t\t<div class=\"elementor-widget-container\">\n\t\t\t\t\t<h1 class=\"elementor-heading-title elementor-size-default\">Paradas taxi en Aeropuerto, Maria Zambrano y Puerto<\/h1>\t\t\t\t<\/div>\n\t\t\t\t<\/div>\n\t\t\t\t\t<\/div>\n\t\t\t\t<\/div>\n\t\t<div class=\"elementor-element elementor-element-281c317 e-flex e-con-boxed e-con e-parent\" data-id=\"281c317\" data-element_type=\"container\">\n\t\t\t\t\t<div class=\"e-con-inner\">\n\t\t\t\t<div class=\"elementor-element elementor-element-2dd66e1 elementor-widget-divider--view-line_text elementor-widget-divider--element-align-center elementor-widget elementor-widget-divider\" data-id=\"2dd66e1\" data-element_type=\"widget\" data-widget_type=\"divider.default\">\n\t\t\t\t<div class=\"elementor-widget-container\">\n\t\t\t\t\t\t\t<div class=\"elementor-divider\">\n\t\t\t<span class=\"elementor-divider-separator\">\n\t\t\t\t\t\t\t<h2 class=\"elementor-divider__text elementor-divider__element\">\n\t\t\t\tRecogida en taxi en el Aeropuerto de M\u00e1laga\t\t\t\t<\/h2>\n\t\t\t\t\t\t<\/span>\n\t\t<\/div>\n\t\t\t\t\t\t<\/div>\n\t\t\t\t<\/div>\n\t\t\t\t\t<\/div>\n\t\t\t\t<\/div>\n\t\t<div class=\"elementor-element elementor-element-c00d6d1 e-flex e-con-boxed e-con e-parent\" data-id=\"c00d6d1\" data-element_type=\"container\">\n\t\t\t\t\t<div class=\"e-con-inner\">\n\t\t<div class=\"elementor-element elementor-element-b802460 e-con-full e-flex e-con e-child\" data-id=\"b802460\" data-element_type=\"container\">\n\t\t\t\t<div class=\"elementor-element elementor-element-f559f6c elementor-widget elementor-widget-text-editor\" data-id=\"f559f6c\" data-element_type=\"widget\" data-widget_type=\"text-editor.default\">\n\t\t\t\t<div class=\"elementor-widget-container\">\n\t\t\t\t\t\t\t\t\t<ol><li>Al aterrizar, encienda su tel\u00e9fono m\u00f3vil, ya que podr\u00eda recibir mensajes o instrucciones importantes de su conductor.<\/li><li>Una vez haya recogido su equipaje de la cinta de recogida, dir\u00edjase a la <strong data-start=\"498\" data-end=\"535\">sala de llegadas de la Terminal 3<\/strong>.<\/li><li>Avance hacia el control de seguridad, donde se encuentran los guardias de acceso a la terminal.<\/li><li>En esa zona ver\u00e1 la cafeter\u00eda <strong data-start=\"685\" data-end=\"708\">\u201cLAMANON CAFETER\u00cdA\u201d<\/strong>. Salga al exterior por esa misma salida.<\/li><li>Una vez fuera, <strong data-start=\"774\" data-end=\"797\">gire a la izquierda<\/strong>: ver\u00e1 un <strong data-start=\"807\" data-end=\"817\">\u00abFaro\u00bb<\/strong> (como el que aparece en la imagen), un punto claramente visible que sirve como zona de encuentro.<\/li><li>En ese punto, <strong data-start=\"939\" data-end=\"1003\">su conductor le estar\u00e1 esperando con un cartel con su nombre<\/strong>.<\/li><\/ol><p>\u00a0<\/p><p>\ud83d\udd14 <em data-start=\"1017\" data-end=\"1030\"><strong>Importante<\/strong>:<\/em> Si no localiza a su conductor, revise su WhatsApp. All\u00ed encontrar\u00e1 el enlace de seguimiento del servicio, desde donde podr\u00e1 ver su ubicaci\u00f3n en tiempo real y llamar directamente al conductor.<\/p>\t\t\t\t\t\t\t\t<\/div>\n\t\t\t\t<\/div>\n\t\t\t\t<\/div>\n\t\t<div class=\"elementor-element elementor-element-696a6d7 e-con-full e-flex e-con e-child\" data-id=\"696a6d7\" data-element_type=\"container\">\n\t\t\t\t<div class=\"elementor-element elementor-element-82826cd elementor-widget elementor-widget-image\" data-id=\"82826cd\" data-element_type=\"widget\" data-widget_type=\"image.default\">\n\t\t\t\t<div class=\"elementor-widget-container\">\n\t\t\t\t\t\t\t\t\t\t\t\t\t\t\t<img fetchpriority=\"high\" decoding=\"async\" width=\"461\" height=\"1024\" src=\"https:\/\/eltaxi033.com\/malaga\/wp-content\/uploads\/sites\/7\/2025\/10\/image0-461x1024.jpeg\" class=\"attachment-large size-large wp-image-632\" alt=\"image0\" srcset=\"https:\/\/eltaxi033.com\/malaga\/wp-content\/uploads\/sites\/7\/2025\/10\/image0-461x1024.jpeg 461w, https:\/\/eltaxi033.com\/malaga\/wp-content\/uploads\/sites\/7\/2025\/10\/image0-135x300.jpeg 135w, https:\/\/eltaxi033.com\/malaga\/wp-content\/uploads\/sites\/7\/2025\/10\/image0-768x1707.jpeg 768w, https:\/\/eltaxi033.com\/malaga\/wp-content\/uploads\/sites\/7\/2025\/10\/image0-691x1536.jpeg 691w, https:\/\/eltaxi033.com\/malaga\/wp-content\/uploads\/sites\/7\/2025\/10\/image0.jpeg 918w\" sizes=\"(max-width: 461px) 100vw, 461px\" \/>\t\t\t\t\t\t\t\t\t\t\t\t\t\t\t<\/div>\n\t\t\t\t<\/div>\n\t\t\t\t<\/div>\n\t\t\t\t\t<\/div>\n\t\t\t\t<\/div>\n\t\t<div class=\"elementor-element elementor-element-7a9ca37 e-flex e-con-boxed e-con e-parent\" data-id=\"7a9ca37\" data-element_type=\"container\">\n\t\t\t\t\t<div class=\"e-con-inner\">\n\t\t\t\t<div class=\"elementor-element elementor-element-d6e599e elementor-widget-divider--view-line_text elementor-widget-divider--element-align-center elementor-widget elementor-widget-divider\" data-id=\"d6e599e\" data-element_type=\"widget\" data-widget_type=\"divider.default\">\n\t\t\t\t<div class=\"elementor-widget-container\">\n\t\t\t\t\t\t\t<div class=\"elementor-divider\">\n\t\t\t<span class=\"elementor-divider-separator\">\n\t\t\t\t\t\t\t<h2 class=\"elementor-divider__text elementor-divider__element\">\n\t\t\t\tRecogida en taxi en la Terminal de Cruceros \u2013 Puerto de M\u00e1laga\t\t\t\t<\/h2>\n\t\t\t\t\t\t<\/span>\n\t\t<\/div>\n\t\t\t\t\t\t<\/div>\n\t\t\t\t<\/div>\n\t\t\t\t\t<\/div>\n\t\t\t\t<\/div>\n\t\t<div class=\"elementor-element elementor-element-3f6d466 e-flex e-con-boxed e-con e-parent\" data-id=\"3f6d466\" data-element_type=\"container\">\n\t\t\t\t\t<div class=\"e-con-inner\">\n\t\t<div class=\"elementor-element elementor-element-1e5ea33 e-con-full e-flex e-con e-child\" data-id=\"1e5ea33\" data-element_type=\"container\">\n\t\t\t\t<div class=\"elementor-element elementor-element-148e2cc elementor-widget elementor-widget-text-editor\" data-id=\"148e2cc\" data-element_type=\"widget\" data-widget_type=\"text-editor.default\">\n\t\t\t\t<div class=\"elementor-widget-container\">\n\t\t\t\t\t\t\t\t\t<ol><li>Mantenga su tel\u00e9fono encendido para poder recibir las instrucciones de su conductor.<\/li><li>En cualquiera de las terminales encontrar\u00e1 se\u00f1alizaci\u00f3n con el cartel <strong data-start=\"1472\" data-end=\"1482\">\u201cTAXI\u201d<\/strong>.<\/li><li>En ese punto, <strong data-start=\"1507\" data-end=\"1563\">su conductor le esperar\u00e1 con un cartel con su nombre<\/strong>.<\/li><\/ol><p>\u00a0<\/p><p>\ud83d\udd14 <em data-start=\"1577\" data-end=\"1590\"><strong>Importante<\/strong>:<\/em> Si no se encuentra con el conductor, revise su WhatsApp. All\u00ed dispondr\u00e1 del enlace de seguimiento para ver su posici\u00f3n y contactar directamente por tel\u00e9fono.<\/p>\t\t\t\t\t\t\t\t<\/div>\n\t\t\t\t<\/div>\n\t\t\t\t<\/div>\n\t\t<div class=\"elementor-element elementor-element-c8f2c3e e-con-full e-flex e-con e-child\" data-id=\"c8f2c3e\" data-element_type=\"container\">\n\t\t\t\t<div class=\"elementor-element elementor-element-cfdaf55 elementor-widget elementor-widget-image\" data-id=\"cfdaf55\" data-element_type=\"widget\" data-widget_type=\"image.default\">\n\t\t\t\t<div class=\"elementor-widget-container\">\n\t\t\t\t\t\t\t\t\t\t\t\t\t\t\t<img decoding=\"async\" width=\"800\" height=\"957\" src=\"https:\/\/eltaxi033.com\/malaga\/wp-content\/uploads\/sites\/7\/2025\/10\/image2-856x1024.jpeg\" class=\"attachment-large size-large wp-image-634\" alt=\"image2\" srcset=\"https:\/\/eltaxi033.com\/malaga\/wp-content\/uploads\/sites\/7\/2025\/10\/image2-856x1024.jpeg 856w, https:\/\/eltaxi033.com\/malaga\/wp-content\/uploads\/sites\/7\/2025\/10\/image2-251x300.jpeg 251w, https:\/\/eltaxi033.com\/malaga\/wp-content\/uploads\/sites\/7\/2025\/10\/image2-768x919.jpeg 768w, https:\/\/eltaxi033.com\/malaga\/wp-content\/uploads\/sites\/7\/2025\/10\/image2-1284x1536.jpeg 1284w, https:\/\/eltaxi033.com\/malaga\/wp-content\/uploads\/sites\/7\/2025\/10\/image2.jpeg 1440w\" sizes=\"(max-width: 800px) 100vw, 800px\" \/>\t\t\t\t\t\t\t\t\t\t\t\t\t\t\t<\/div>\n\t\t\t\t<\/div>\n\t\t\t\t<\/div>\n\t\t\t\t\t<\/div>\n\t\t\t\t<\/div>\n\t\t<div class=\"elementor-element elementor-element-ff28957 e-flex e-con-boxed e-con e-parent\" data-id=\"ff28957\" data-element_type=\"container\">\n\t\t\t\t\t<div class=\"e-con-inner\">\n\t\t\t\t<div class=\"elementor-element elementor-element-bd64fe4 elementor-widget-divider--view-line_text elementor-widget-divider--element-align-center elementor-widget elementor-widget-divider\" data-id=\"bd64fe4\" data-element_type=\"widget\" data-widget_type=\"divider.default\">\n\t\t\t\t<div class=\"elementor-widget-container\">\n\t\t\t\t\t\t\t<div class=\"elementor-divider\">\n\t\t\t<span class=\"elementor-divider-separator\">\n\t\t\t\t\t\t\t<h2 class=\"elementor-divider__text elementor-divider__element\">\n\t\t\t\tRecogida en taxi en la Estaci\u00f3n de Tren AVE \u2013 Mar\u00eda Zambrano\t\t\t\t<\/h2>\n\t\t\t\t\t\t<\/span>\n\t\t<\/div>\n\t\t\t\t\t\t<\/div>\n\t\t\t\t<\/div>\n\t\t\t\t\t<\/div>\n\t\t\t\t<\/div>\n\t\t<div class=\"elementor-element elementor-element-26579ad e-flex e-con-boxed e-con e-parent\" data-id=\"26579ad\" data-element_type=\"container\">\n\t\t\t\t\t<div class=\"e-con-inner\">\n\t\t<div class=\"elementor-element elementor-element-4d83bc0 e-con-full e-flex e-con e-child\" data-id=\"4d83bc0\" data-element_type=\"container\">\n\t\t\t\t<div class=\"elementor-element elementor-element-9dacb40 elementor-widget elementor-widget-text-editor\" data-id=\"9dacb40\" data-element_type=\"widget\" data-widget_type=\"text-editor.default\">\n\t\t\t\t<div class=\"elementor-widget-container\">\n\t\t\t\t\t\t\t\t\t<ol><li>Una vez llegue a M\u00e1laga y haya recogido su equipaje, <strong data-start=\"1877\" data-end=\"1937\">dir\u00edjase a la salida principal de la estaci\u00f3n (Planta 0)<\/strong>.<\/li><li>Al salir al exterior, ver\u00e1 la <strong data-start=\"1978\" data-end=\"2015\">zona de espera de taxis oficiales<\/strong>.<\/li><li>En ese punto, <strong data-start=\"2040\" data-end=\"2104\">su conductor le estar\u00e1 esperando con un cartel con su nombre<\/strong>, tal y como figura en su reserva.<\/li><\/ol><p>\u00a0<\/p><p>\ud83d\udd14 <em data-start=\"2151\" data-end=\"2164\"><strong>Importante<\/strong>:<\/em> Si no logra localizarlo, revise su WhatsApp. All\u00ed encontrar\u00e1 el enlace de seguimiento del servicio para ver la ubicaci\u00f3n en tiempo real y llamar directamente al conductor.<\/p>\t\t\t\t\t\t\t\t<\/div>\n\t\t\t\t<\/div>\n\t\t\t\t<\/div>\n\t\t<div class=\"elementor-element elementor-element-eeb6bfd e-con-full e-flex e-con e-child\" data-id=\"eeb6bfd\" data-element_type=\"container\">\n\t\t\t\t<div class=\"elementor-element elementor-element-33006be elementor-widget elementor-widget-image\" data-id=\"33006be\" data-element_type=\"widget\" data-widget_type=\"image.default\">\n\t\t\t\t<div class=\"elementor-widget-container\">\n\t\t\t\t\t\t\t\t\t\t\t\t\t\t\t<img decoding=\"async\" width=\"626\" height=\"1024\" src=\"https:\/\/eltaxi033.com\/malaga\/wp-content\/uploads\/sites\/7\/2025\/10\/image1-626x1024.jpeg\" class=\"attachment-large size-large wp-image-633\" alt=\"image1\" srcset=\"https:\/\/eltaxi033.com\/malaga\/wp-content\/uploads\/sites\/7\/2025\/10\/image1-626x1024.jpeg 626w, https:\/\/eltaxi033.com\/malaga\/wp-content\/uploads\/sites\/7\/2025\/10\/image1-183x300.jpeg 183w, https:\/\/eltaxi033.com\/malaga\/wp-content\/uploads\/sites\/7\/2025\/10\/image1-768x1257.jpeg 768w, https:\/\/eltaxi033.com\/malaga\/wp-content\/uploads\/sites\/7\/2025\/10\/image1-938x1536.jpeg 938w, https:\/\/eltaxi033.com\/malaga\/wp-content\/uploads\/sites\/7\/2025\/10\/image1.jpeg 1251w\" sizes=\"(max-width: 626px) 100vw, 626px\" \/>\t\t\t\t\t\t\t\t\t\t\t\t\t\t\t<\/div>\n\t\t\t\t<\/div>\n\t\t\t\t<\/div>\n\t\t\t\t\t<\/div>\n\t\t\t\t<\/div>\n\t\t\t\t<\/div>\n\t\t","protected":false},"excerpt":{"rendered":"<p>Paradas taxi en Aeropuerto, Maria Zambrano y Puerto Recogida en taxi en el Aeropuerto de M\u00e1laga Al aterrizar, encienda su tel\u00e9fono m\u00f3vil, ya que podr\u00eda recibir mensajes o instrucciones importantes de su conductor. Una vez haya recogido su equipaje de la cinta de recogida, dir\u00edjase a la sala de llegadas de la Terminal 3. Avance [&hellip;]<\/p>\n","protected":false},"author":1,"featured_media":0,"parent":0,"menu_order":0,"comment_status":"closed","ping_status":"closed","template":"","meta":{"_joinchat":[],"footnotes":""},"class_list":["post-434","page","type-page","status-publish","hentry"],"_links":{"self":[{"href":"https:\/\/eltaxi033.com\/malaga\/wp-json\/wp\/v2\/pages\/434","targetHints":{"allow":["GET"]}}],"collection":[{"href":"https:\/\/eltaxi033.com\/malaga\/wp-json\/wp\/v2\/pages"}],"about":[{"href":"https:\/\/eltaxi033.com\/malaga\/wp-json\/wp\/v2\/types\/page"}],"author":[{"embeddable":true,"href":"https:\/\/eltaxi033.com\/malaga\/wp-json\/wp\/v2\/users\/1"}],"replies":[{"embeddable":true,"href":"https:\/\/eltaxi033.com\/malaga\/wp-json\/wp\/v2\/comments?post=434"}],"version-history":[{"count":13,"href":"https:\/\/eltaxi033.com\/malaga\/wp-json\/wp\/v2\/pages\/434\/revisions"}],"predecessor-version":[{"id":641,"href":"https:\/\/eltaxi033.com\/malaga\/wp-json\/wp\/v2\/pages\/434\/revisions\/641"}],"wp:attachment":[{"href":"https:\/\/eltaxi033.com\/malaga\/wp-json\/wp\/v2\/media?parent=434"}],"curies":[{"name":"wp","href":"https:\/\/api.w.org\/{rel}","templated":true}]}}