{"id":197,"date":"2024-12-31T19:26:24","date_gmt":"2024-12-31T18:26:24","guid":{"rendered":"https:\/\/eltaxi033.com\/malaga\/?page_id=197"},"modified":"2025-07-29T16:01:43","modified_gmt":"2025-07-29T14:01:43","slug":"contacto","status":"publish","type":"page","link":"https:\/\/eltaxi033.com\/malaga\/contacto\/","title":{"rendered":"Contacto"},"content":{"rendered":"\t\t<div data-elementor-type=\"wp-page\" data-elementor-id=\"197\" class=\"elementor elementor-197\" data-elementor-post-type=\"page\">\n\t\t\t\t<div class=\"elementor-element elementor-element-7999feed e-flex e-con-boxed e-con e-parent\" data-id=\"7999feed\" data-element_type=\"container\" data-settings=\"{&quot;background_background&quot;:&quot;classic&quot;}\">\n\t\t\t\t\t<div class=\"e-con-inner\">\n\t\t\t\t<div class=\"elementor-element elementor-element-2e3a55ea elementor-widget elementor-widget-heading\" data-id=\"2e3a55ea\" data-element_type=\"widget\" data-widget_type=\"heading.default\">\n\t\t\t\t<div class=\"elementor-widget-container\">\n\t\t\t\t\t<h1 class=\"elementor-heading-title elementor-size-xxl\">Contacto elTaxi 033<\/h1>\t\t\t\t<\/div>\n\t\t\t\t<\/div>\n\t\t\t\t<div class=\"elementor-element elementor-element-163f3c8f elementor-widget elementor-widget-heading\" data-id=\"163f3c8f\" data-element_type=\"widget\" data-widget_type=\"heading.default\">\n\t\t\t\t<div class=\"elementor-widget-container\">\n\t\t\t\t\t<h3 class=\"elementor-heading-title elementor-size-default\">Si deseas realizarnos cualquier tipo de consulta, p\u00f3ngase en contacto a trav\u00e9s del siguiente formulario. Nuestro equipo de comerciales atender\u00e1 a la mayor brevedad posible tu solicitud.<\/h3>\t\t\t\t<\/div>\n\t\t\t\t<\/div>\n\t\t\t\t\t<\/div>\n\t\t\t\t<\/div>\n\t\t<div class=\"elementor-element elementor-element-767a7330 e-flex e-con-boxed e-con e-parent\" data-id=\"767a7330\" data-element_type=\"container\">\n\t\t\t\t\t<div class=\"e-con-inner\">\n\t\t<div class=\"elementor-element elementor-element-1291378a e-con-full e-flex e-con e-child\" data-id=\"1291378a\" data-element_type=\"container\">\n\t\t\t\t<div class=\"elementor-element elementor-element-d6da456 elementor-widget elementor-widget-text-editor\" data-id=\"d6da456\" data-element_type=\"widget\" data-widget_type=\"text-editor.default\">\n\t\t\t\t<div class=\"elementor-widget-container\">\n\t\t\t\t\t\t\t\t\t<p>Si deseas realizar alg\u00fan tipo de consulta administrativa o comercial, puede hacerla a trav\u00e9s de este formulario. Atenderemos su petici\u00f3n a la mayor brevedad posible<\/p><p>*Desde este formulario no realizamos peticiones de servicio de taxi<\/p>\t\t\t\t\t\t\t\t<\/div>\n\t\t\t\t<\/div>\n\t\t\t\t<div class=\"elementor-element elementor-element-42e8963b elementor-widget elementor-widget-text-editor\" data-id=\"42e8963b\" data-element_type=\"widget\" data-widget_type=\"text-editor.default\">\n\t\t\t\t<div class=\"elementor-widget-container\">\n\t\t\t\t\t\t\t\t\t<div class=\"et_pb_module et_pb_text et_pb_text_1 et_pb_text_align_left et_pb_bg_layout_light\"><div class=\"et_pb_text_inner\"><h3>M\u00e1s informaci\u00f3n<\/h3><p><strong>Eltaxi 033<\/strong> pone a su disposici\u00f3n todos sus departamentos; tanto el administrativo, como el comercial, t\u00e9cnico, inform\u00e1tico y de asesor\u00eda a flotas y taxis; atender\u00e1n cualquier duda o consulta que deseen realizarnos. De la misma forma, pueden visitarnos y conocer nuestras oficinas e instalaciones, sin compromiso alguno.<\/p><p><strong>Direcci\u00f3n:<\/strong> C\/ Hiedra 26<\/p><p>28036 Madrid<\/p><p><strong>Tel\u00e9fono oficinas:<\/strong> 678 337 852<\/p><p><strong>Horario laboral:<\/strong> 09.00 a 18.00 horas (ininterrumpido) de lunes a viernes<\/p><\/div><div class=\"elementor-element elementor-element-342a9611 elementor-widget elementor-widget-text-editor\" data-id=\"342a9611\" data-element_type=\"widget\" data-widget_type=\"text-editor.default\"><div class=\"elementor-widget-container\"><div class=\"textwidget custom-html-widget\">\u00a0<\/div><\/div><\/div><\/div>\t\t\t\t\t\t\t\t<\/div>\n\t\t\t\t<\/div>\n\t\t\t\t<div class=\"elementor-element elementor-element-748fc783 elementor-widget elementor-widget-google_maps\" data-id=\"748fc783\" data-element_type=\"widget\" data-widget_type=\"google_maps.default\">\n\t\t\t\t<div class=\"elementor-widget-container\">\n\t\t\t\t\t\t\t<div class=\"elementor-custom-embed\">\n\t\t\t<iframe loading=\"lazy\"\n\t\t\t\t\tsrc=\"https:\/\/maps.google.com\/maps?q=C%2F%20Hiedra%2026%20%2028036%20Madrid&#038;t=m&#038;z=11&#038;output=embed&#038;iwloc=near\"\n\t\t\t\t\ttitle=\"C\/ Hiedra 26  28036 Madrid\"\n\t\t\t\t\taria-label=\"C\/ Hiedra 26  28036 Madrid\"\n\t\t\t><\/iframe>\n\t\t<\/div>\n\t\t\t\t\t\t<\/div>\n\t\t\t\t<\/div>\n\t\t\t\t<\/div>\n\t\t<div class=\"elementor-element elementor-element-5ef5d9b1 e-con-full e-flex e-con e-child\" data-id=\"5ef5d9b1\" data-element_type=\"container\">\n\t\t\t\t<div class=\"elementor-element elementor-element-10113006 elementor-widget elementor-widget-heading\" data-id=\"10113006\" data-element_type=\"widget\" data-widget_type=\"heading.default\">\n\t\t\t\t<div class=\"elementor-widget-container\">\n\t\t\t\t\t<h2 class=\"elementor-heading-title elementor-size-default\">Formulario de contacto<\/h2>\t\t\t\t<\/div>\n\t\t\t\t<\/div>\n\t\t\t\t<\/div>\n\t\t\t\t\t<\/div>\n\t\t\t\t<\/div>\n\t\t\t\t<\/div>\n\t\t","protected":false},"excerpt":{"rendered":"<p>Contacto elTaxi 033 Si deseas realizarnos cualquier tipo de consulta, p\u00f3ngase en contacto a trav\u00e9s del siguiente formulario. Nuestro equipo de comerciales atender\u00e1 a la mayor brevedad posible tu solicitud. Si deseas realizar alg\u00fan tipo de consulta administrativa o comercial, puede hacerla a trav\u00e9s de este formulario. Atenderemos su petici\u00f3n a la mayor brevedad posible [&hellip;]<\/p>\n","protected":false},"author":3,"featured_media":0,"parent":0,"menu_order":0,"comment_status":"closed","ping_status":"closed","template":"","meta":{"_joinchat":[],"footnotes":""},"class_list":["post-197","page","type-page","status-publish","hentry"],"_links":{"self":[{"href":"https:\/\/eltaxi033.com\/malaga\/wp-json\/wp\/v2\/pages\/197","targetHints":{"allow":["GET"]}}],"collection":[{"href":"https:\/\/eltaxi033.com\/malaga\/wp-json\/wp\/v2\/pages"}],"about":[{"href":"https:\/\/eltaxi033.com\/malaga\/wp-json\/wp\/v2\/types\/page"}],"author":[{"embeddable":true,"href":"https:\/\/eltaxi033.com\/malaga\/wp-json\/wp\/v2\/users\/3"}],"replies":[{"embeddable":true,"href":"https:\/\/eltaxi033.com\/malaga\/wp-json\/wp\/v2\/comments?post=197"}],"version-history":[{"count":5,"href":"https:\/\/eltaxi033.com\/malaga\/wp-json\/wp\/v2\/pages\/197\/revisions"}],"predecessor-version":[{"id":474,"href":"https:\/\/eltaxi033.com\/malaga\/wp-json\/wp\/v2\/pages\/197\/revisions\/474"}],"wp:attachment":[{"href":"https:\/\/eltaxi033.com\/malaga\/wp-json\/wp\/v2\/media?parent=197"}],"curies":[{"name":"wp","href":"https:\/\/api.w.org\/{rel}","templated":true}]}}