{"id":496,"date":"2024-03-05T11:51:22","date_gmt":"2024-03-05T10:51:22","guid":{"rendered":"https:\/\/eltaxi033.com\/madrid\/?page_id=496"},"modified":"2024-10-30T18:05:52","modified_gmt":"2024-10-30T17:05:52","slug":"contacto","status":"publish","type":"page","link":"https:\/\/eltaxi033.com\/madrid\/contacto\/","title":{"rendered":"Contacto"},"content":{"rendered":"\t\t<div data-elementor-type=\"wp-page\" data-elementor-id=\"496\" class=\"elementor elementor-496\" data-elementor-post-type=\"page\">\n\t\t\t\t<div class=\"elementor-element elementor-element-31e8731c e-flex e-con-boxed e-con e-parent\" data-id=\"31e8731c\" data-element_type=\"container\" data-settings=\"{&quot;background_background&quot;:&quot;classic&quot;}\">\n\t\t\t\t\t<div class=\"e-con-inner\">\n\t\t\t\t<div class=\"elementor-element elementor-element-4a39772 elementor-widget elementor-widget-html\" data-id=\"4a39772\" data-element_type=\"widget\" data-widget_type=\"html.default\">\n\t\t\t\t<div class=\"elementor-widget-container\">\n\t\t\t\t\t<script type=\"application\/ld+json\">\n{\n    \"@context\": \"https:\/\/schema.org\",\n    \"@type\": \"LocalBusiness\",\n    \"name\": \"El Taxi 033\",\n    \"description\": \"Desde taxis convencionales hasta opciones como taxis adaptados, de lujo o incluso espec\u00edficos para mujeres y mascotas, cubrimos todas tus necesidades de movilidad.\",\n    \"url\": \"https:\/\/eltaxi033.com\/madrid\/\",\n    \"logo\": \"https:\/\/eltaxi033.com\/madrid\/wp-content\/uploads\/sites\/3\/2024\/01\/taxi_033_madrid_logo.png\",\n    \"image\": \"https:\/\/eltaxi033.com\/madrid\/wp-content\/uploads\/sites\/3\/2024\/01\/taxi_033_madrid_logo.png\",\n    \"@id\": \"https:\/\/eltaxi033.com\/madrid\/\",\n    \"telephone\": \"+34919185033\",\n    \"hasMap\": \"https:\/\/www.google.com\/maps\/place\/ElTaxi+033+Madrid+-+Traslados+aeropuerto\/@40.4721937,-3.6790715,17z\/data=!3m1!4b1!4m6!3m5!1s0xd42295ca25a09a9:0xe9137e5b2a5a6ea5!8m2!3d40.4721937!4d-3.6790715!16s%2Fg%2F11trgxdsrn?entry=ttu\",\n    \"address\": {\n        \"@type\": \"PostalAddress\",\n        \"addressLocality\": \"Chamartin\",\n        \"addressRegion\": \"Madrid\",\n        \"postalCode\": \"28036\",\n        \"streetAddress\": \" C. de la Hiedra, 26 \",\n        \"addressCountry\": \"ES\"\n    },\n    \"geo\": {\n        \"@type\": \"GeoCoordinates\",\n        \"latitude\": \"40.4721937\",\n        \"longitude\": \"-3.6790715\"\n    },\n    \"openingHoursSpecification\": [\n        {\n            \"@type\": \"OpeningHoursSpecification\",\n            \"dayOfWeek\": [\n                \"Monday\",\n                \"Tuesday\",\n                \"Wednesday\",\n                \"Thursday\",\n                \"Friday\",\n                \"Saturday\",\n                \"Sunday\"\n            ],\n\n            \"opens\": \"00:00:00\",\n            \"closes\": \"24:00:00\"\n        }\n    ],\n    \"sameAs\": [\n      \"https:\/\/www.facebook.com\/Eltaxi033\",\n      \"https:\/\/www.instagram.com\/eltaxi.033\/\",\n      \"https:\/\/x.com\/ElTaxi_033\"\n    ]\n},\n<\/script>\n\n\n\t\t\t\t<\/div>\n\t\t\t\t<\/div>\n\t\t\t\t<div class=\"elementor-element elementor-element-7188e405 elementor-widget elementor-widget-heading\" data-id=\"7188e405\" data-element_type=\"widget\" data-widget_type=\"heading.default\">\n\t\t\t\t<div class=\"elementor-widget-container\">\n\t\t\t\t\t<h1 class=\"elementor-heading-title elementor-size-xxl\">Contacto elTaxi 033<\/h1>\t\t\t\t<\/div>\n\t\t\t\t<\/div>\n\t\t\t\t<div class=\"elementor-element elementor-element-7fd5e685 elementor-widget elementor-widget-heading\" data-id=\"7fd5e685\" data-element_type=\"widget\" data-widget_type=\"heading.default\">\n\t\t\t\t<div class=\"elementor-widget-container\">\n\t\t\t\t\t<h3 class=\"elementor-heading-title elementor-size-default\">Si deseas realizarnos cualquier tipo de consulta, p\u00f3ngase en contacto a trav\u00e9s del siguiente formulario. Nuestro equipo de comerciales atender\u00e1 a la mayor brevedad posible tu solicitud.<\/h3>\t\t\t\t<\/div>\n\t\t\t\t<\/div>\n\t\t\t\t\t<\/div>\n\t\t\t\t<\/div>\n\t\t<div class=\"elementor-element elementor-element-c0820ab e-flex e-con-boxed e-con e-parent\" data-id=\"c0820ab\" data-element_type=\"container\">\n\t\t\t\t\t<div class=\"e-con-inner\">\n\t\t<div class=\"elementor-element elementor-element-cf0517d e-con-full e-flex e-con e-child\" data-id=\"cf0517d\" data-element_type=\"container\">\n\t\t\t\t<div class=\"elementor-element elementor-element-0021c2a elementor-widget elementor-widget-text-editor\" data-id=\"0021c2a\" data-element_type=\"widget\" data-widget_type=\"text-editor.default\">\n\t\t\t\t<div class=\"elementor-widget-container\">\n\t\t\t\t\t\t\t\t\t<p>Si deseas realizar alg\u00fan tipo de consulta administrativa o comercial, puede hacerla a trav\u00e9s de este formulario. Atenderemos su petici\u00f3n a la mayor brevedad posible<\/p><p>*Desde este formulario no realizamos peticiones de servicio de taxi<\/p>\t\t\t\t\t\t\t\t<\/div>\n\t\t\t\t<\/div>\n\t\t\t\t<div class=\"elementor-element elementor-element-1abf23e elementor-widget elementor-widget-text-editor\" data-id=\"1abf23e\" data-element_type=\"widget\" data-widget_type=\"text-editor.default\">\n\t\t\t\t<div class=\"elementor-widget-container\">\n\t\t\t\t\t\t\t\t\t<div class=\"et_pb_module et_pb_text et_pb_text_1  et_pb_text_align_left et_pb_bg_layout_light\"><div class=\"et_pb_text_inner\"><h3>M\u00e1s informaci\u00f3n<\/h3><p><strong>RadioTaxi 033<\/strong> pone a su disposici\u00f3n todos sus departamentos; tanto el administrativo, como el comercial, t\u00e9cnico, inform\u00e1tico y de asesor\u00eda a flotas y taxis; atender\u00e1n cualquier duda o consulta que deseen realizarnos. De la misma forma, pueden visitarnos y conocer nuestras oficinas e instalaciones, sin compromiso alguno.<\/p><p><strong>Direcci\u00f3n:<\/strong> C\/ Hiedra 26<\/p><p>28036 Madrid<\/p><p><strong>Tel\u00e9fono oficinas:<\/strong> 678 337 852<\/p><p><strong>Horario laboral:<\/strong> 09.00 a 18.00 horas (ininterrumpido) de lunes a viernes<\/p><\/div><div class=\"elementor-element elementor-element-342a9611 elementor-widget elementor-widget-text-editor\" data-id=\"342a9611\" data-element_type=\"widget\" data-widget_type=\"text-editor.default\"><div class=\"elementor-widget-container\"><div class=\"textwidget custom-html-widget\"><p>\u00a0<\/p><\/div><\/div><\/div><\/div>\t\t\t\t\t\t\t\t<\/div>\n\t\t\t\t<\/div>\n\t\t\t\t<div class=\"elementor-element elementor-element-692a17d elementor-widget elementor-widget-google_maps\" data-id=\"692a17d\" data-element_type=\"widget\" data-widget_type=\"google_maps.default\">\n\t\t\t\t<div class=\"elementor-widget-container\">\n\t\t\t\t\t\t\t<div class=\"elementor-custom-embed\">\n\t\t\t<iframe loading=\"lazy\"\n\t\t\t\t\tsrc=\"https:\/\/www.google.com\/maps\/embed\/v1\/place?key=AIzaSyBdDRSsRmC2ODUMg13ZVGbpRJAqj-9wo7c&#038;q=C%2F%20Hiedra%2026%20%2028036%20Madrid&#038;zoom=11\"\n\t\t\t\t\ttitle=\"C\/ Hiedra 26  28036 Madrid\"\n\t\t\t\t\taria-label=\"C\/ Hiedra 26  28036 Madrid\"\n\t\t\t><\/iframe>\n\t\t<\/div>\n\t\t\t\t\t\t<\/div>\n\t\t\t\t<\/div>\n\t\t\t\t<\/div>\n\t\t<div class=\"elementor-element elementor-element-96f3f56 e-con-full e-flex e-con e-child\" data-id=\"96f3f56\" data-element_type=\"container\">\n\t\t\t\t<div class=\"elementor-element elementor-element-c13babb elementor-widget elementor-widget-heading\" data-id=\"c13babb\" data-element_type=\"widget\" data-widget_type=\"heading.default\">\n\t\t\t\t<div class=\"elementor-widget-container\">\n\t\t\t\t\t<h2 class=\"elementor-heading-title elementor-size-default\">Formulario de contacto<\/h2>\t\t\t\t<\/div>\n\t\t\t\t<\/div>\n\t\t\t\t<div class=\"elementor-element elementor-element-058c682 elementor-widget elementor-widget-text-editor\" data-id=\"058c682\" data-element_type=\"widget\" data-widget_type=\"text-editor.default\">\n\t\t\t\t<div class=\"elementor-widget-container\">\n\t\t\t\t\t\t\t\t\t<iframe id=\"ifrtrans\" style=\"width: 100%; height: 1000px;\" src=\"https:\/\/club.taxiservices.es\/contacto-web-tsp\/\" frameborder=\"0\" scrolling=\"no\"><\/iframe>\t\t\t\t\t\t\t\t<\/div>\n\t\t\t\t<\/div>\n\t\t\t\t<\/div>\n\t\t\t\t\t<\/div>\n\t\t\t\t<\/div>\n\t\t\t\t<\/div>\n\t\t","protected":false},"excerpt":{"rendered":"<p>Contacto elTaxi 033 Si deseas realizarnos cualquier tipo de consulta, p\u00f3ngase en contacto a trav\u00e9s del siguiente formulario. Nuestro equipo de comerciales atender\u00e1 a la mayor brevedad posible tu solicitud. Si deseas realizar alg\u00fan tipo de consulta administrativa o comercial, puede hacerla a trav\u00e9s de este formulario. Atenderemos su petici\u00f3n a la mayor brevedad posible [&hellip;]<\/p>\n","protected":false},"author":1,"featured_media":0,"parent":0,"menu_order":0,"comment_status":"closed","ping_status":"closed","template":"","meta":{"_joinchat":[],"footnotes":""},"class_list":["post-496","page","type-page","status-publish","hentry"],"_links":{"self":[{"href":"https:\/\/eltaxi033.com\/madrid\/wp-json\/wp\/v2\/pages\/496","targetHints":{"allow":["GET"]}}],"collection":[{"href":"https:\/\/eltaxi033.com\/madrid\/wp-json\/wp\/v2\/pages"}],"about":[{"href":"https:\/\/eltaxi033.com\/madrid\/wp-json\/wp\/v2\/types\/page"}],"author":[{"embeddable":true,"href":"https:\/\/eltaxi033.com\/madrid\/wp-json\/wp\/v2\/users\/1"}],"replies":[{"embeddable":true,"href":"https:\/\/eltaxi033.com\/madrid\/wp-json\/wp\/v2\/comments?post=496"}],"version-history":[{"count":0,"href":"https:\/\/eltaxi033.com\/madrid\/wp-json\/wp\/v2\/pages\/496\/revisions"}],"wp:attachment":[{"href":"https:\/\/eltaxi033.com\/madrid\/wp-json\/wp\/v2\/media?parent=496"}],"curies":[{"name":"wp","href":"https:\/\/api.w.org\/{rel}","templated":true}]}}