{"id":298,"date":"2024-02-15T09:50:32","date_gmt":"2024-02-15T08:50:32","guid":{"rendered":"https:\/\/eltaxi033.com\/madrid\/?page_id=298"},"modified":"2024-04-09T20:05:58","modified_gmt":"2024-04-09T18:05:58","slug":"condiciones-del-servicio","status":"publish","type":"page","link":"https:\/\/eltaxi033.com\/madrid\/condiciones-del-servicio\/","title":{"rendered":"Condiciones del servicio"},"content":{"rendered":"\t\t<div data-elementor-type=\"wp-page\" data-elementor-id=\"298\" class=\"elementor elementor-298\" data-elementor-post-type=\"page\">\n\t\t\t\t<div class=\"elementor-element elementor-element-f9af432 e-flex e-con-boxed e-con e-parent\" data-id=\"f9af432\" data-element_type=\"container\">\n\t\t\t\t\t<div class=\"e-con-inner\">\n\t\t\t\t<div class=\"elementor-element elementor-element-fc58123 elementor-widget elementor-widget-text-editor\" data-id=\"fc58123\" data-element_type=\"widget\" data-widget_type=\"text-editor.default\">\n\t\t\t\t<div class=\"elementor-widget-container\">\n\t\t\t\t\t\t\t\t\t<p>CONDICIONES y T\u00c9RMINOS DE USO SERVICIOS ELTAXI033 Y SITIO WEB ELTAXI033\/MADRID<\/p><p>\u00a0<\/p><p><strong>TAXI SERVICES PROVIDER S.L.<\/strong><\/p><p>Domicilio Social C\/ Caracas 13-15 Interior Nave 6<\/p><p>Registro Mercantil de Barcelona<\/p><p>Tomo 44022<\/p><p>Folio 0048<\/p><p>Inscripci\u00f3n 1<\/p><p>Hoja 444773<\/p><p>CIF: B-66116633<\/p><p>La empresa tiene la consideraci\u00f3n de empresa de mediaci\u00f3n en la contrataci\u00f3n de servicios de taxi, a los efectos de lo establecido en el DECRETO 314\/2016, de 8 de noviembre, por el que se determinan las condiciones espec\u00edficas de contrataci\u00f3n y comercializaci\u00f3n de servicios de taxi y el r\u00e9gimen jur\u00eddico de la actividad de mediaci\u00f3n.<\/p><p>Las presentes Condiciones de Uso (\u201ccondiciones\u201d) establecen las reglas que regulan el uso por el pasajero (\u201cUsuario\u201d) de los servicios contenidos en www.taxidemadrid.es\u00a0(\u201cWEB ELTAXI033\/MADRID\u201d), propiedad de TAXI SERVICES PROVIDER S.L. (\u201cEmpresa\u201d).<\/p><p>Para su comodidad disponemos de una versi\u00f3n traducida a distintos idiomas, pero esta versi\u00f3n (en idioma espa\u00f1ol) es la \u00fanica legalmente vinculante.<\/p><p>Cualquier comunicaci\u00f3n relativa al servicio que haya solicitado, deber\u00e1 realizarse al correo electr\u00f3nico:<\/p><p>info@eltaxi033.com<\/p><p>Estamos a disposici\u00f3n de los clientes en los siguientes medios de contacto:<\/p><p>Tel\u00e9fono Solicitud de Taxis \u2013 Servicio Taxi: +34 919 185 000<\/p><p>Tel\u00e9fono Direcci\u00f3n y Administraci\u00f3n L-V de 9 a 14h.(laborables): +34 93 202 088 00<\/p><p>En caso de no comprender alguna de las condiciones expuestas en el documento, contacte con nuestro servicio de atenci\u00f3n al cliente, antes de suscribir el presente contrato, para que podamos informarle correctamente.<\/p><p><strong>ACEPTACION DE LAS CONDICIONES GENERALES<\/strong><\/p><p>Antes de poder acceder a los servicios tanto telef\u00f3nicos como los contenidos en la \u201cWEB TAXIDEMADRID 033\u201d, usted deber\u00e1 aceptar expresamente las presentes condiciones. Si usted no acepta la \u201cCondiciones\u201d no podr\u00e1 acceder a los servicios contenidos en la \u201cWEB TAXIDEMADRID 033\u201d.<\/p><p>Al formalizar su petici\u00f3n de servicio por cualquiera de los canales de petici\u00f3n de servicios disponible en la \u201cEmpresa\u201d, usted confirma que ha le\u00eddo, comprende y acepta estas condiciones. Adem\u00e1s, confirma que goza de capacidad y autoridad legal necesarias para aceptar estas condiciones generales en nombre propio y\/o en representaci\u00f3n de sus acompa\u00f1antes. Por consiguiente, deber\u00e1 notificarnos cualquier modificaci\u00f3n o cancelaci\u00f3n por su parte.<\/p><p>La aceptaci\u00f3n de las \u201cCondiciones\u201d supondr\u00e1 que usted queda vinculado jur\u00eddicamente a las mismas. Por ello, LE ROGAMOS QUE LEA DETENIDAMENTE LAS PRESENTES \u201cCONDICIONES\u201d Y TERMINOS antes de su aceptaci\u00f3n.<\/p><p><strong>DESISTIMIENTO<\/strong><\/p><p>Tanto usted como la \u201cEmpresa\u201d podr\u00e1n poner fin de inmediato a estas \u201cCondiciones\u201d y a los servicios contenidos en la WEB \u201cELTAXI033\/MADRID\u201d sin necesidad de expresar motivo alguno.<\/p><p>La \u201cEmpresa\u201d podr\u00e1 modificar las presentes \u201cCondiciones\u201d cuando lo considere oportuno. Las modificaciones ser\u00e1n efectivas tras su publicaci\u00f3n en la p\u00e1gina web de la \u201cEmpresa\u201d y, se entender\u00e1n aceptadas por el \u201cUsuario\u201d, con la primera utilizaci\u00f3n de los servicios de la \u201cEmpresa\u201d por cualquiera de sus canales, ya sean telef\u00f3nicos o los contenidos en la \u201cWEB ELTAXI033\/MADRID\u201d y \u201cAPP eltaxi\u201d, entender\u00e1 prestado el consentimiento.<\/p><p>Al formalizar su reserva, usted confirma que ha le\u00eddo, comprende y acepta estas condiciones, confirma adem\u00e1s que goza de capacidad y autoridad legal necesarias para aceptar estas condiciones generales en nombre propio y\/o en representaci\u00f3n de sus acompa\u00f1antes. Por consiguiente, ser\u00e1 responsable de realizar los pagos oportunos, deber\u00e1 notificarnos cualquier modificaci\u00f3n o cancelaci\u00f3n, y deber\u00e1, al recibir la confirmaci\u00f3n de reserva, informar a los dem\u00e1s viajeros.<\/p><p><strong>PRESTACION DEL SERVICIO TELEF\u00d3NICO \u2013 CALL CENTER<\/strong><\/p><p>La \u201cEmpresa\u201d dispone de servicio telef\u00f3nico a trav\u00e9s de varios n\u00fameros telef\u00f3nicos de intermediaci\u00f3n para poner en contacto al \u201cUsuario\u201d con el Taxista \u201cProveedor\u201d la gesti\u00f3n de servicios inmediatos y pre-reservas 365\/24 (con modificaci\u00f3n, anulaci\u00f3n, adaptaci\u00f3n del servicio) conectada directamente a trav\u00e9s de emisoras operadoras con una pluralidad de taxistas, al objeto de que el \u201c\u201cUsuario\u201d\u201d pueda conectar de la forma m\u00e1s r\u00e1pida posible con el taxista que pueda realizar el transporte.<\/p><p><strong>SERVICIOS INCLUIDOS EN LA \u201c<\/strong>WEB ELTAXI033\/MADRID<\/p><p><strong>\u201d<\/strong><\/p><p>Para poder hacer uso de los servicios de \u201cWEB ELTAXI033.COM\/MADRID\u201d, el \u201cUsuario\u201d debe registrarse facilitando datos relativos a su identificaci\u00f3n. Los datos deber\u00e1n ser ciertos, ver\u00eddicos y pertenecientes al \u201cUsuario\u201d. S\u00f3lo podr\u00e1n registrarse los mayores de edad o los menores con autorizaci\u00f3n de quien ostente su patria potestad.<\/p><p>Realizado el registro, el \u201cUsuario\u201d acceder\u00e1 al uso intransferible de la \u201cWEB ELTAXI033.COM\/MADRID\u201d de forma gratuita, mediante la que podr\u00e1 solicitar un taxi. La \u201cWEB ELTAXI033.COM\/MADRID\u201d contactar\u00e1 con el taxista m\u00e1s cercano a quien se facilitar\u00e1 la ubicaci\u00f3n del \u201cUsuario\u201d. Si el taxista acepta la solicitud se le remitir\u00e1n los datos de identificaci\u00f3n del \u201cUsuario\u201d. Aceptado el servicio por el taxista ser\u00e1 responsabilidad exclusiva de \u00e9ste cualquier anomal\u00eda que pueda acaecer (retrasos, incomparecencia, etc.).<\/p><p>La \u201cWEB ELTAXI033.COM\/MADRID\u201d presta exclusivamente y de forma gratuita un servicio de intermediaci\u00f3n entre el \u201cUsuario\u201d y el taxista. Por ello, este exclusivo servicio no incluye cualquier otro, y en particular: (i) conexiones a internet (ii) contrataci\u00f3n y pago del servicio de transporte (iii) contrato de transporte de pasajeros entre el taxista y el \u201cUsuario\u201d (iv). A efectos de reclamaci\u00f3n se facilitar\u00e1 al \u201cUsuario\u201d los datos del taxista al objeto de poder efectuar la pertinente reclamaci\u00f3n a \u00e9ste.<\/p><p><strong>PRESTACION DEL SERVICIO<\/strong><\/p><p>La \u201cWEB ELTAXI033.COM\/MADRID\u201d est\u00e1 conectada directamente o a trav\u00e9s de emisoras operadoras con una pluralidad de taxistas, al objeto de que el \u201cUsuario\u201d pueda conectar de la forma m\u00e1s r\u00e1pida posible con el taxista que pueda realizar el transporte.<\/p><p>La actividad de mediaci\u00f3n se limita a poner en contacto al \u201cUsuario\u201d con el taxista por lo que no realiza contrataci\u00f3n alguna de servicio de transporte por cuenta propia. Por ello, no se garantiza al \u201cUsuario\u201d que en todo momento haya taxis disponibles para realizar el servicio solicitado. Aunque est\u00e1 previsto que la \u201cWEB ELTAXI033.COM\/MADRID\u201d est\u00e9 en permanente funcionamiento, la \u201cEmpresa\u201d no garantiza al \u201cUsuario\u201d que la disponibilidad sea ininterrumpida.<\/p><p>La empresa dispone en sus oficinas de un departamento de atenci\u00f3n al \u201cUsuario\u201d para atender a todas aquellas cuestiones que \u00e9stos puedan plantear o, alternativamente, un correo de atenci\u00f3n al cliente en la siguiente direcci\u00f3n de e-mail: info@taxidemadrid.es<\/p><p>PRECIOS MINIMOS SERVICIOS TAXIS \u2013 SERVICIO EMISORA CALL CENTER \/ TAXIWEB \u2013 Men\u00fa Servicios (2023)<\/p><ul><li><strong>Servicio Taxi Convencional:<\/strong>\u00a0Importe M\u00ednimo de Emisora\u00a0<strong>12 \u20ac<\/strong>, los taxis como m\u00e1ximo podr\u00e1n llegar marcando a la zona de recogida un m\u00e1ximo de\u00a0<strong>5.00 \u20ac<\/strong>.<\/li><li><strong>Servicio Taxi Premium:<\/strong>\u00a0<strong>Desde 20 \u20ac<\/strong>\u00a0el servicio m\u00ednimo con Origen de recogida en Madrid en adelante. Estos importes podr\u00e1n variar seg\u00fan el municipio de recogida del APC\u00a0 y la tarifa horaria (diurna, nocturna o d\u00edas festivos). El importe m\u00ednimo es ofrecido previamente por la Operadora o Sistema Taxiweb al usuario quien aceptando la confirmaci\u00f3n del servicio acepta las condiciones de precio m\u00ednimo ofrecidas por la emisora. Los taxis como m\u00e1ximo podr\u00e1n llegar marcando a la zona de recogida, un m\u00e1ximo de\u00a0<strong>5.00 \u20ac<\/strong>.<\/li><li><strong>Servicio Taxi Adaptado:<\/strong>\u00a0<strong>Desde 20 \u20ac<\/strong>\u00a0el servicio m\u00ednimo con Origen de recogida en Madrid en adelante. Estos importes podr\u00e1n variar seg\u00fan el municipio de recogida del APC\u00a0 y la tarifa horaria (diurna, nocturna o d\u00edas festivos). El importe m\u00ednimo es ofrecido previamente por la Operadora o Sistema Taxiweb al usuario quien aceptando la confirmaci\u00f3n del servicio acepta las condiciones de precio m\u00ednimo ofrecidas por la emisora. Los taxis como m\u00e1ximo podr\u00e1n llegar marcando a la zona de recogida, un m\u00e1ximo de\u00a0<strong>5.00 \u20ac<\/strong>.<\/li><li><strong>Servicio Taxi de Confianza:<\/strong>\u00a0Taxi concertado con antelaci\u00f3n m\u00ednima de 1 d\u00eda (laboral) mediante\u00a0<strong>c\u00f3digo de Taxista de Confianza<\/strong>,\u00a0<strong>Importe M\u00ednimo de Emisora 15 \u20ac.<\/strong>\u00a0El importe m\u00ednimo es ofrecido previamente por la Operadora o Sistema Taxiweb al usuario quien aceptando la confirmaci\u00f3n del servicio acepta las condiciones de precio m\u00ednimo ofrecidas por la emisora. Los taxis como m\u00e1ximo podr\u00e1n llegar marcando a la zona de recogida, un m\u00e1ximo de\u00a0<strong>5.00 \u20ac<\/strong>.<\/li><li><strong>Servicio Paqueter\u00eda:<\/strong>\u00a0Importe M\u00ednimo de Emisora\u00a0<strong>12.00 \u20ac<\/strong>, los taxis como m\u00e1ximo podr\u00e1n llegar marcando a la zona de recogida, un m\u00e1ximo de\u00a0<strong>5.00 \u20ac.<\/strong> El importe m\u00ednimo le ser\u00e1 ofrecido por la Operadora.<\/li><li>Coste de\u00a0<strong>abandono del servicio<\/strong>\u00a0o\u00a0<strong>cancelaci\u00f3n por parte del \u201cUsuario\u201d<\/strong>\u00a0cuando el servicio se est\u00e9 despachando (taxi en camino):<ul><li>Taxi Convencional:\u00a0<strong>aplica m\u00ednimo emisora: \u00a05.00 \u20ac<\/strong><\/li><li>Taxi de Confianza:\u00a0<strong>aplica m\u00ednimo emisora: 5.00 \u20ac<\/strong><\/li><li>Taxi Premium:\u00a0<strong>aplica m\u00ednimo emisora: 5.00 \u20ac<\/strong><\/li><li>Taxi Adaptado:\u00a0<strong>aplica m\u00ednimo emisora, desde 5.00 \u20ac seg\u00fan condiciones del servicio Origen-Destino<\/strong><\/li><\/ul><\/li><\/ul><p>\u00a0<\/p><p><strong>IMPORTANTE:<\/strong>\u00a0El \u201cUsuario\u201d podr\u00e1 recibir tras nuestra valoraci\u00f3n un SMS, correo electr\u00f3nico o llamada, para pagar la carrera m\u00ednima del servicio de taxi. No abonar dicho importe supondr\u00e1 la cancelaci\u00f3n de cualquiera de nuestros servicios al \u201cUsuario\u201d, ejerciendo nuestro derecho de admisi\u00f3n al servicio de taxi en futuras peticiones. Para cualquier duda, consulta, o resoluci\u00f3n puede escribirnos a info@taxidemadrid.es o rellenar el siguiente formulario (<a href=\"https:\/\/www.taxidemadrid.es\/contacto\/\" target=\"_blank\" rel=\"noopener\">ir para rellenar<\/a>)<\/p><p>Todos los taxistas aplican las tarifas del APC durante el trayecto a trav\u00e9s de tax\u00edmetro (<a href=\"https:\/\/www.madrid.es\/portales\/munimadrid\/es\/Inicio\/Movilidad-y-transportes\/Taxi\/?vgnextfmt=default&amp;vgnextoid=4813dc0bffa41110VgnVCM1000000b205a0aRCRD&amp;vgnextchannel=220e31d3b28fe410VgnVCM1000000b205a0aRCRD&amp;idCapitulo=11086871\" target=\"_blank\" rel=\"noopener\">m\u00e1s Info click aqu\u00ed<\/a>)<\/p><p>PRECIOS MINIMOS SERVICIO APP :<\/p><ul><li><strong>Servicio a precio Tax\u00edmetro<\/strong>: Se aplican precios los de Emisora anteriormente mencionados.<\/li><li><strong>Servicio a precio Cerrado<\/strong>: Precio predefinido, obligatorio poner Origen y Destino para la elaboraci\u00f3n del c\u00e1lculo. Se incluye 10 minutos de espera en el punto de recogida. No permite paradas intermedias ni cambios de origen\/destino, paqueter\u00eda o servicios con mascota. Importe m\u00ednimo de servicio 12\u20ac. Se aplica los precios fijados por APC\u00a0 y\u00a0<strong>s\u00f3lo para la modalidad de servicio \u201cTaxi Convencional\u201d<\/strong>. Si desea saber precio fijo de emisora, contacte al +34 919 185 000 telef\u00f3nicamente o v\u00eda whatsapp 678 337 852.<\/li><li>Coste de\u00a0<strong>Abandono del servicio<\/strong>\u00a0o\u00a0<strong>cancelaci\u00f3n<\/strong>\u00a0cuando el servicio se est\u00e9 despachando (taxi en camino) por parte del usuario:\u00a0<strong>5 \u20ac<\/strong>.<\/li><\/ul><p><strong>IMPORTANTE:<\/strong>\u00a0El \u201cUsuario\u201d podr\u00e1 recibir tras nuestra valoraci\u00f3n un SMS, correo electr\u00f3nico o llamada, para pagar la carrera m\u00ednima del servicio de taxi. No abonar dicho importe supondr\u00e1 la cancelaci\u00f3n de cualquiera de nuestros servicios al \u201cUsuario\u201d, ejerciendo nuestro derecho de admisi\u00f3n al servicio de taxi en futuras peticiones. Para cualquier duda, consulta, o resoluci\u00f3n puede escribirnos a info@taxidemadrid.es o rellenar el siguiente formulario (<a href=\"https:\/\/www.taxidemadrid.es\/contacto\/\" target=\"_blank\" rel=\"noopener\">ir para rellenar<\/a>)<\/p><p><strong>CANCELACIONES DE SERVICIO<\/strong><\/p><p>Si el \u201cUsuario\u201d decide cancelar un servicio despu\u00e9s de ser aceptado por el taxista, \u00e9ste podr\u00e1 actuar de acuerdo con la legislaci\u00f3n vigente en materia de cancelaci\u00f3n de reservas.<\/p><p><strong>ANULACION AUTOMATICA DEL SERVICIO<\/strong><\/p><p>El sistema de forma autom\u00e1tica podr\u00e1 anular cualquier tipo de servicio solicitado a trav\u00e9s de cualquier canal de petici\u00f3n cuando no haya encontrados taxis en la zona dispuestos a realizar el servicio, ya sea un servicio inmediato o una pre-reserva. La comunicaci\u00f3n se realiza mediante llamada telef\u00f3nica al n\u00famero facilitado, pasados como m\u00e1ximo 15 minutos de la hora solicitada u hora fijada en una pre-reserva. Puede contactar al +34 919 185 000 ante cualquier duda para consultar el estado de su petici\u00f3n o volver a lanzar petici\u00f3n si as\u00ed lo desea.<\/p><p><strong>RESPONSABILIDADES<\/strong><\/p><p>La \u201cEmpresa\u201d s\u00f3lo responder\u00e1 de los da\u00f1os producidos por la instalaci\u00f3n de la \u201cWEB ELTAXI033.COM\/MADRID\u201d en el dispositivo del \u201cUsuario\u201d, salvo los derivados de caso fortuito o fuerza mayor. No ser\u00e1 responsable de la p\u00e9rdida de los datos del \u201cUsuario\u201d, que, por cualquier caso, pueda ocasionar el funcionamiento de la aplicaci\u00f3n, en cuanto que es obligaci\u00f3n del \u201cUsuario\u201d realizar la correspondiente copia de seguridad.<\/p><p>La \u201cEmpresa\u201d, en la medida de sus posibilidades y con la diligencia debida, procurar\u00e1 que los taxistas que hayan aceptado el servicio solicitado por el \u201cUsuario\u201d, respeten los derechos de los \u201cUsuarios\u201d y que cumplan las obligaciones que a aqu\u00e9llos se les imponen. A tal fin, el \u201cUsuario\u201d, ante cualquier infracci\u00f3n del taxista, podr\u00e1 solicitar a la \u201cEmpresa\u201d que le proporcione los datos necesarios para \u00e9stos respeten los derechos que este t\u00edtulo reconoce a los consumidores y usuarios y cumplan las obligaciones que en \u00e9l se les imponen.<\/p><p>Como mediador, la \u201cEmpresa\u201d no incurrir\u00e1 en responsabilidad por el hecho de que el taxista seleccionado no preste total o parcialmente el servicio mediado o que lo haga con retraso o no se presente a para la prestaci\u00f3n de servicio de transporte de taxi, ya se haya solicitado por cualquiera de los canales disponibles (Tel\u00e9fono, WEB-Formularios, TaxiPC, TaxiWeb, o APP Eltaxi)<\/p><p>La utilizaci\u00f3n indebida de la \u201cWEB ELTAXI033.COM\/MADRID\u201d realizada por terceros, utilizando la aplicaci\u00f3n del \u201cUsuario\u201d no ser\u00e1 responsabilidad de la \u201cEmpresa\u201d.<\/p><p><strong>DERECHO DE ADMISI\u00d3N<\/strong><\/p><p>El Proveedor (Taxista) tendr\u00e1 derecho a negarse a trasladar cualquier persona que se encuentre bajo los efectos del alcohol o de drogas o cualquier caso que se incluye en la Ordenanza Reguladora vigente del Taxi del Ayuntamiento de Madrid.<\/p><p>Ni nosotros ni ninguno de nuestros Proveedores aceptamos ninguna responsabilidad por los gastos adicionales en los que incurra el \u201cUSUARIO\u201d como resultado de tal conducta.<\/p><p>El consumo de alcohol y de sustancias estupefacientes est\u00e1 terminantemente prohibido en los veh\u00edculos. No est\u00e1 permitido fumar en el interior de los mismos.<\/p><p><strong>PROPIEDAD INTELECTUAL<\/strong><\/p><p>Todos contenidos como textos, montajes, marca ELTAXI033, gr\u00e1ficos, im\u00e1genes, marca, subdominios y software utilizados en el sitio web \u201cWEB ELTAXI033.COM\/MADRID\u201d son propiedad exclusiva de la \u201cEmpresa\u201d, quedando prohibido al \u201cUsuario\u201d cualquier copia, modificaci\u00f3n o alteraci\u00f3n en el mismo, incluyendo el acceso, uso o almacenamiento de los datos personales a los que se pueda acceder a trav\u00e9s de la aplicaci\u00f3n.<\/p><p><strong>LEY APLICABLE Y JURISDICCI\u00d3N COMPETENTE<\/strong><\/p><p>TAXI SERVICES PROVIDER S.L..\u00a0 no est\u00e1 adherida al proceso voluntario de resoluci\u00f3n de conflictos de la Comisi\u00f3n Europea.<\/p><p>Los presentes T\u00e9rminos y Condiciones Generales, as\u00ed como cualquier relaci\u00f3n entre la \u201dEmpresa\u201d y el \u201dUsuario\u201d se regir\u00e1n por la legislaci\u00f3n espa\u00f1ola. Para cualquier cuesti\u00f3n litigiosa derivada de la existencia, contenido y\/o interpretaci\u00f3n de dichos T\u00e9rminos y Condiciones Generales o de cualquier relaci\u00f3n entre la \u201dEmpresa\u201d y el \u201dUsuario\u201d, ambas partes se someten a la jurisdicci\u00f3n de los Tribunales de la ciudad de Barcelona.<\/p><p>La \u201dEmpresa\u201d se reserva el derecho a realizar cambios en cualquier momento en su sitio Web, as\u00ed como en los presentes T\u00e9rminos y Condiciones Generales.<\/p><p>\u00a0<\/p><p>\u00a0<\/p>\t\t\t\t\t\t\t\t<\/div>\n\t\t\t\t<\/div>\n\t\t\t\t\t<\/div>\n\t\t\t\t<\/div>\n\t\t\t\t<\/div>\n\t\t","protected":false},"excerpt":{"rendered":"<p>CONDICIONES y T\u00c9RMINOS DE USO SERVICIOS ELTAXI033 Y SITIO WEB ELTAXI033\/MADRID \u00a0 TAXI SERVICES PROVIDER S.L. Domicilio Social C\/ Caracas 13-15 Interior Nave 6 Registro Mercantil de Barcelona Tomo 44022 Folio 0048 Inscripci\u00f3n 1 Hoja 444773 CIF: B-66116633 La empresa tiene la consideraci\u00f3n de empresa de mediaci\u00f3n en la contrataci\u00f3n de servicios de taxi, a [&hellip;]<\/p>\n","protected":false},"author":1,"featured_media":0,"parent":0,"menu_order":0,"comment_status":"closed","ping_status":"closed","template":"","meta":{"_joinchat":[],"footnotes":""},"class_list":["post-298","page","type-page","status-publish","hentry"],"_links":{"self":[{"href":"https:\/\/eltaxi033.com\/madrid\/wp-json\/wp\/v2\/pages\/298","targetHints":{"allow":["GET"]}}],"collection":[{"href":"https:\/\/eltaxi033.com\/madrid\/wp-json\/wp\/v2\/pages"}],"about":[{"href":"https:\/\/eltaxi033.com\/madrid\/wp-json\/wp\/v2\/types\/page"}],"author":[{"embeddable":true,"href":"https:\/\/eltaxi033.com\/madrid\/wp-json\/wp\/v2\/users\/1"}],"replies":[{"embeddable":true,"href":"https:\/\/eltaxi033.com\/madrid\/wp-json\/wp\/v2\/comments?post=298"}],"version-history":[{"count":0,"href":"https:\/\/eltaxi033.com\/madrid\/wp-json\/wp\/v2\/pages\/298\/revisions"}],"wp:attachment":[{"href":"https:\/\/eltaxi033.com\/madrid\/wp-json\/wp\/v2\/media?parent=298"}],"curies":[{"name":"wp","href":"https:\/\/api.w.org\/{rel}","templated":true}]}}