{"id":496,"date":"2024-03-05T11:51:22","date_gmt":"2024-03-05T10:51:22","guid":{"rendered":"https:\/\/eltaxi033.com\/barcelona\/?page_id=496"},"modified":"2024-04-09T20:06:06","modified_gmt":"2024-04-09T18:06:06","slug":"contacto","status":"publish","type":"page","link":"https:\/\/eltaxi033.com\/barcelona\/contacto\/","title":{"rendered":"Contacto"},"content":{"rendered":"\t\t<div data-elementor-type=\"wp-page\" data-elementor-id=\"496\" class=\"elementor elementor-496\" data-elementor-post-type=\"page\">\n\t\t\t\t<div class=\"elementor-element elementor-element-31e8731c e-flex e-con-boxed e-con e-parent\" data-id=\"31e8731c\" data-element_type=\"container\" data-settings=\"{&quot;background_background&quot;:&quot;classic&quot;}\">\n\t\t\t\t\t<div class=\"e-con-inner\">\n\t\t\t\t<div class=\"elementor-element elementor-element-7188e405 elementor-widget elementor-widget-heading\" data-id=\"7188e405\" data-element_type=\"widget\" data-widget_type=\"heading.default\">\n\t\t\t\t<div class=\"elementor-widget-container\">\n\t\t\t\t\t<h1 class=\"elementor-heading-title elementor-size-xxl\">Contacto elTaxi 033<\/h1>\t\t\t\t<\/div>\n\t\t\t\t<\/div>\n\t\t\t\t<div class=\"elementor-element elementor-element-7fd5e685 elementor-widget elementor-widget-heading\" data-id=\"7fd5e685\" data-element_type=\"widget\" data-widget_type=\"heading.default\">\n\t\t\t\t<div class=\"elementor-widget-container\">\n\t\t\t\t\t<h3 class=\"elementor-heading-title elementor-size-default\">Si deseas realizarnos cualquier tipo de consulta, p\u00f3ngase en contacto a trav\u00e9s del siguiente formulario. Nuestro equipo de comerciales atender\u00e1 a la mayor brevedad posible tu solicitud.<\/h3>\t\t\t\t<\/div>\n\t\t\t\t<\/div>\n\t\t\t\t\t<\/div>\n\t\t\t\t<\/div>\n\t\t<div class=\"elementor-element elementor-element-9b8e12e e-flex e-con-boxed e-con e-parent\" data-id=\"9b8e12e\" data-element_type=\"container\">\n\t\t\t\t\t<div class=\"e-con-inner\">\n\t\t<div class=\"elementor-element elementor-element-786c28d7 e-con-full e-flex e-con e-child\" data-id=\"786c28d7\" data-element_type=\"container\">\n\t\t\t\t<\/div>\n\t\t<div class=\"elementor-element elementor-element-378f788a e-con-full e-flex e-con e-child\" data-id=\"378f788a\" data-element_type=\"container\">\n\t\t\t\t<div class=\"elementor-element elementor-element-65d8c64d elementor-widget elementor-widget-heading\" data-id=\"65d8c64d\" data-element_type=\"widget\" data-widget_type=\"heading.default\">\n\t\t\t\t<div class=\"elementor-widget-container\">\n\t\t\t\t\t<h2 class=\"elementor-heading-title elementor-size-default\">Formulario de contacto<\/h2>\t\t\t\t<\/div>\n\t\t\t\t<\/div>\n\t\t\t\t<div class=\"elementor-element elementor-element-3f8cd63b elementor-widget elementor-widget-text-editor\" data-id=\"3f8cd63b\" data-element_type=\"widget\" data-widget_type=\"text-editor.default\">\n\t\t\t\t<div class=\"elementor-widget-container\">\n\t\t\t\t\t\t\t\t\t<iframe id=\"ifrtrans\" style=\"width: 100%; height: 1000px;\" src=\"https:\/\/club.taxiservices.es\/contacto-web-tsp\/\" frameborder=\"0\" scrolling=\"no\"><\/iframe>\t\t\t\t\t\t\t\t<\/div>\n\t\t\t\t<\/div>\n\t\t\t\t<\/div>\n\t\t\t\t\t<\/div>\n\t\t\t\t<\/div>\n\t\t\t\t<\/div>\n\t\t","protected":false},"excerpt":{"rendered":"<p>Contacto elTaxi 033 Si deseas realizarnos cualquier tipo de consulta, p\u00f3ngase en contacto a trav\u00e9s del siguiente formulario. Nuestro equipo de comerciales atender\u00e1 a la mayor brevedad posible tu solicitud. Formulario de contacto<\/p>\n","protected":false},"author":1,"featured_media":0,"parent":0,"menu_order":0,"comment_status":"closed","ping_status":"closed","template":"","meta":{"_joinchat":[],"footnotes":""},"class_list":["post-496","page","type-page","status-publish","hentry"],"_links":{"self":[{"href":"https:\/\/eltaxi033.com\/barcelona\/wp-json\/wp\/v2\/pages\/496","targetHints":{"allow":["GET"]}}],"collection":[{"href":"https:\/\/eltaxi033.com\/barcelona\/wp-json\/wp\/v2\/pages"}],"about":[{"href":"https:\/\/eltaxi033.com\/barcelona\/wp-json\/wp\/v2\/types\/page"}],"author":[{"embeddable":true,"href":"https:\/\/eltaxi033.com\/barcelona\/wp-json\/wp\/v2\/users\/1"}],"replies":[{"embeddable":true,"href":"https:\/\/eltaxi033.com\/barcelona\/wp-json\/wp\/v2\/comments?post=496"}],"version-history":[{"count":0,"href":"https:\/\/eltaxi033.com\/barcelona\/wp-json\/wp\/v2\/pages\/496\/revisions"}],"wp:attachment":[{"href":"https:\/\/eltaxi033.com\/barcelona\/wp-json\/wp\/v2\/media?parent=496"}],"curies":[{"name":"wp","href":"https:\/\/api.w.org\/{rel}","templated":true}]}}